{"id":13,"date":"2020-11-04T10:35:21","date_gmt":"2020-11-04T09:35:21","guid":{"rendered":"https:\/\/sachsen-coburg-gotha.de\/shop\/agb\/"},"modified":"2020-11-25T08:48:43","modified_gmt":"2020-11-25T07:48:43","slug":"agb","status":"publish","type":"page","link":"https:\/\/sachsen-coburg-gotha.de\/shop\/agb\/","title":{"rendered":"AGB"},"content":{"rendered":"<div class=\"wpb-content-wrapper\"><p>[vc_section][vc_row el_class=&#8220;headline_with_icon&#8220;][vc_column][vc_column_text]<\/p>\n<h2>Allgemeine Gesch\u00e4ftsbedingungen mit Kundeninformationen<\/h2>\n<p>[\/vc_column_text][\/vc_column][\/vc_row][vc_row][vc_column][vc_column_text]1. Geltungsbereich<br \/>\n2. Vertragsschluss<br \/>\n3. Preise und Zahlungsbedingungen<br \/>\n4. Liefer- und Versandbedingungen<br \/>\n5. Widerrufsrecht<br \/>\n6. Eigentumsvorbehalt<br \/>\n7. M\u00e4ngelhaftung<br \/>\n8. Einl\u00f6sung von Geschenkgutscheinen<br \/>\n9. Anwendbares Recht<br \/>\n10. Informationen zur Online-Streitbeilegung<\/p>\n<p><strong>1. Geltungsbereich<\/strong><\/p>\n<p>1.1. Diese Allgemeinen Gesch\u00e4ftsbedingungen (nachfolgend &#8222;AGB&#8220; genannt) von &#8222;Hubertus Prinz von Sachsen-Coburg und Gotha&#8220;, handelnd unter &#8222;Herzogliche Revierverwaltung Callenberg&#8220; (nachfolgend &#8222;Verk\u00e4ufer&#8220; genannt), gelten f\u00fcr alle Vertr\u00e4ge, die ein Verbraucher oder Unternehmer (nachfolgend &#8222;Kunde&#8220; genannt) mit dem Verk\u00e4ufer \u00fcber die vom Verk\u00e4ufer in seinem Online-Shop angebotenen Waren abschlie\u00dft. Der Einbeziehung von eigenen Bedingungen des Kunden wird widersprochen, es sei denn, es ist etwas anderes vereinbart.<\/p>\n<p>1.2. Diese AGB gelten entsprechend f\u00fcr den Erwerb von Gutscheinen, wenn und soweit nicht ausdr\u00fccklich Abweichendes geregelt ist.<\/p>\n<p>1.3. Verbraucher ist jede nat\u00fcrliche Person, die ein Rechtsgesch\u00e4ft zu einem Zweck abschlie\u00dft, der \u00fcberwiegend weder ihrer gewerblichen noch ihrer selbst\u00e4ndigen beruflichen T\u00e4tigkeit zugerechnet werden kann.<\/p>\n<p>1.4. Unternehmer ist eine nat\u00fcrliche oder juristische Person oder eine rechtsf\u00e4hige Personengesellschaft, die bei Abschluss eines Rechtsgesch\u00e4fts in Aus\u00fcbung ihrer gewerblichen oder selbst\u00e4ndigen beruflichen T\u00e4tigkeit handelt.<\/p>\n<p><strong>2. Vertragsschluss<\/strong><\/p>\n<p>2.1. Die Pr\u00e4sentation der Waren insbesondere im Onlineshop stellt noch kein bindendes Angebot des Verk\u00e4ufers dar.<\/p>\n<p>2.2. Zun\u00e4chst legt der Kunde die ausgew\u00e4hlte Ware in den Warenkorb. Im anschlie\u00dfenden Schritt beginnt der Bestellvorgang, in welchem alle erforderlichen Daten zur Auftragsabwicklung erfasst werden. Am Ende des Bestellvorgangs erscheint eine Zusammenfassung der Bestell- und Vertragsdaten. Erst nach Best\u00e4tigung dieser Bestell- und Vertragsdaten durch Klick auf den den Bestellvorgang abschlie\u00dfenden Button gibt der Kunde ein verbindliches Angebot \u00fcber den Kauf der im Warenkorb enthaltenen Waren ab.<\/p>\n<p>Der Kunde kann dieses Angebot auch per Fax, Email, postalisch oder telefonisch gegen\u00fcber dem Verk\u00e4ufer abgeben.<\/p>\n<p>2.3. Der Verk\u00e4ufer nimmt das Angebot des Kunden durch folgende m\u00f6gliche Alternativen an:<\/p>\n<p>&#8211; \u00dcbersendung einer schriftlichen Auftragsbest\u00e4tigung oder einer Auftragsbest\u00e4tigung in Textform (Fax oder E-Mail)<br \/>\noder<br \/>\n&#8211; Aufforderung zur Zahlung an den Kunden nach Abgabe der Bestellung<br \/>\noder<br \/>\n&#8211; Lieferung der bestellten Ware<\/p>\n<p>Ma\u00dfgeblich f\u00fcr den Zeitpunkt der Annahme ist die erste eingetretene Alternative.<\/p>\n<p>Die Frist zur Annahme des Angebots beginnt am Tag nach der Absendung des Angebots durch den Kunden und endet mit dem Ablauf des f\u00fcnften Tages, der auf die Absendung des Angebots folgt. Nimmt der Verk\u00e4ufer das Angebot des Kunden innerhalb der vorgenannten Frist nicht an, stellt dies die Ablehnung des Angebots dar. Der Kunde ist dann nicht mehr an seine Willenserkl\u00e4rung gebunden.<\/p>\n<p>2.4. Der Vertragstext des jeweils zwischen dem Verk\u00e4ufer und dem Kunden geschlossenen Vertrages wird durch den Verk\u00e4ufer gespeichert. Die Allgemeinen Gesch\u00e4ftsbedingungen kann der Kunde jederzeit auf dieser Seite einsehen. Die Bestelldaten, die Widerrufsbelehrung sowie die AGB werden dem Kunden per Email zugeschickt. Nach Abschluss der Bestellung ist der Vertragstext durch den Kunden online nicht mehr einsehbar.<\/p>\n<p>2.5. Alle get\u00e4tigten Eingaben werden vor Anklicken des Bestellbuttons angezeigt und k\u00f6nnen durch den Kunden vor Absendung der Bestellung eingesehen und durch Bet\u00e4tigung des Zur\u00fcck-Buttons des Browsers oder die \u00fcblichen Maus- und Tastaturfunktionen korrigiert werden. Daneben stehen dem Kunden, sofern verf\u00fcgbar, Buttons zur Korrektur zur Verf\u00fcgung, die entsprechend beschriftet sind.<\/p>\n<p>2.6. Die Vertragssprache ist Deutsch.<\/p>\n<p>2.7. Es obliegt dem Kunden, eine korrekte Emailadresse zur Kontaktaufnahme und Abwicklung der Bestellung anzugeben, sowie die Filterfunktionen so einzustellen, dass Emails, die diese Bestellung betreffen, zugestellt werden k\u00f6nnen.<\/p>\n<p><strong>3. Preise und Zahlungsbedingungen<\/strong><\/p>\n<p>3.1. Die angezeigten Preise sind Endpreise inklusive der gesetzlichen Umsatzsteuer, wenn nichts anderes vereinbart ist. Sofern zus\u00e4tzliche Versandkosten anfallen, ist dies der Produktbeschreibung zu entnehmen.<\/p>\n<p>3.2. Der Kunde kann die Zahlungsarten ausw\u00e4hlen, die im Onlineshop zur Verf\u00fcgung stehen.<\/p>\n<p>3.3. Bei der Zahlung per &#8222;PayPal&#8220; erfolgt die Zahlungsabwicklung \u00fcber PayPal (Europe) S.\u00e0 r.l. et Cie, S.C.A., 22-24 Boulevard Royal, L-2449 Luxembourg. Hierf\u00fcr gelten die Nutzungsbedingungen von Paypal. Diese sind unter https:\/\/www.paypal.com\/de\/webapps\/mpp\/ua\/useragreement-full einsehbar.<\/p>\n<p><strong>4. Liefer- und Versandbedingungen<\/strong><\/p>\n<p>4.1. Die Lieferung von Waren auf dem Versandweg erfolgt an die vom Kunden angegebene Lieferanschrift. Abweichend hiervon ist bei der Zahlung per PayPal die vom Kunden zum Zeitpunkt der Bezahlung bei PayPal hinterlegte Lieferanschrift ma\u00dfgeblich.<\/p>\n<p>4.2. Entstehen dem Verk\u00e4ufer aufgrund der Angabe einer falschen Lieferadresse oder eines falschen Adressaten oder anderer Umst\u00e4nde die zur Unm\u00f6glichkeit der Zustellung f\u00fchren, zus\u00e4tzliche Kosten, so sind diese von dem Kunden zu ersetzen, au\u00dfer er hat die Falschangabe oder Unm\u00f6glichkeit nicht zu vertreten. Gleiches gilt f\u00fcr den Fall, dass der Kunde vor\u00fcbergehend an der Annahme der Leistung verhindert war, es sei denn, der Verk\u00e4ufer hat ihm die Leistung vorher angemessen angek\u00fcndigt. Ausgenommen von dieser Regelung sind die Kosten der Hinsendung, wenn der Kunde sein Widerrufsrecht wirksam ausge\u00fcbt hat. Hier verbleibt es bei der gesetzlichen oder der durch den Verk\u00e4ufer getroffenen Regelung.<\/p>\n<p>4.3. Die Selbstabholung wird nicht angeboten.<\/p>\n<p>4.4. Gutscheine werden dem Kunden in folgender Form \u00fcberlassen:<\/p>\n<ul>\n<li>per E-Mail<\/li>\n<li>per Download<\/li>\n<li>postalisch<\/li>\n<\/ul>\n<p><strong>5. Widerrufsrecht<\/strong><\/p>\n<p>5.1. Ist der Kunde Verbraucher, steht ihm grunds\u00e4tzlich ein Widerrufsrecht zu.<\/p>\n<p>5.2. F\u00fcr das Widerrufsrecht gilt die Widerrufsbelehrung des Verk\u00e4ufers.<\/p>\n<p><strong>6. Eigentumsvorbehalt<\/strong><\/p>\n<p>Sofern der Verk\u00e4ufer in Vorleistung tritt, bleibt die Ware bis zur vollst\u00e4ndigen Begleichung des Kaufpreises im Eigentum des Verk\u00e4ufers.<\/p>\n<p><strong>7. M\u00e4ngelhaftung<\/strong><\/p>\n<p>7.1. Hinsichtlich der Gew\u00e4hrleistung gelten die Vorschriften der gesetzlichen M\u00e4ngelhaftung, soweit in diesen AGB nichts Abweichendes vereinbart worden ist.<\/p>\n<p>7.2. Der Kunde wird gebeten, angelieferte Waren mit offensichtlichen Transportsch\u00e4den bei dem Zusteller zu reklamieren und den Verk\u00e4ufer hiervon in Kenntnis zu setzen. Die Nichtbefolgung hat keinerlei Auswirkungen auf die gesetzlichen oder vertraglichen M\u00e4ngelanspr\u00fcche des Kunden.<\/p>\n<p><strong>8. Einl\u00f6sung von Geschenkgutscheinen<\/strong><\/p>\n<p>8.1. Gutscheine, die \u00fcber den Online-Shop des Verk\u00e4ufers k\u00e4uflich erworben worden sind (&#8222;Geschenkgutscheine&#8220;), k\u00f6nnen auch nur im Online-Shop des Verk\u00e4ufers eingel\u00f6st werden.<\/p>\n<p>8.2. Geschenkgutscheine und Restguthaben von Geschenkgutscheinen k\u00f6nnen bis zum Ende des dritten Jahres nach dem Jahr des Gutscheinkaufs eingel\u00f6st werden. Etwaige Restguthaben werden bis zum Ablaufdatum auf dem Gutscheinkonto des Kunden gutgeschrieben.<\/p>\n<p>8.3. Geschenkgutscheine k\u00f6nnen ausschlie\u00dflich vor Abschluss des Bestellvorgangs eingel\u00f6st werden. Eine nachtr\u00e4gliche Einl\u00f6sung findet nicht statt.<\/p>\n<p>8.4. Innerhalb einer Bestellung k\u00f6nnen mehrere Geschenkgutscheine eingel\u00f6st werden.<\/p>\n<p>8.5. Geschenkgutscheine k\u00f6nnen nur f\u00fcr den Kauf von Waren eingel\u00f6st werden. Der Kauf von weiteren Geschenkgutscheinen kann nicht per Gutschein bezahlt werden.<\/p>\n<p>8.6. Sofern der Wert eines Geschenkgutscheins zur Bezahlung der jeweiligen Bestellung nicht ausreicht, kann zur Begleichung des Differenzbetrages eine der \u00fcbrigen angebotenen Zahlungsarten verwendet werden.<\/p>\n<p>8.7. Guthaben auf Geschenkgutscheinen werden nicht ausgezahlt und nicht verzinst.<\/p>\n<p>8.8. Der Geschenkgutschein ist personengebunden und\u00a0 darf nur durch die Person eingel\u00f6st werden, die auf ihm benannt ist. Eine \u00dcbertragung des Geschenkgutscheins auf Dritte ist ausgeschlossen. Der Verk\u00e4ufer hat das Recht, aber nicht die Pflicht, die materielle Anspruchsberechtigung des jeweiligen Gutscheininhabers zu pr\u00fcfen.<\/p>\n<p><strong>9. Anwendbares Recht<\/strong><\/p>\n<p>Es gilt das Recht der Bundesrepublik Deutschland unter Ausschluss der Gesetze \u00fcber den internationalen Kauf beweglicher Waren. Die gesetzlichen Vorschriften zur Beschr\u00e4nkung der Rechtswahl und zur Anwendbarkeit zwingender Vorschriften insbesondere des Staates, in dem der Kunde als Verbraucher seinen gew\u00f6hnlichen Aufenthalt hat, bleiben unber\u00fchrt.<\/p>\n<p><strong>10. Informationen zur Online-Streitbeilegung<\/strong><\/p>\n<p>Die Plattform zur Online-Streitbeilegung\u00a0der\u00a0EU-Kommission ist im Internet unter folgendem Link aufrufbar: <a href=\"https:\/\/ec.europa.eu\/odr\" target=\"_blank\" rel=\"noopener noreferrer\">https:\/\/ec.europa.eu\/odr<\/a><\/p>\n<p>Wir sind zur Teilnahme an einem Streitbeilegungsverfahren vor einer Verbraucherschlichtungsstelle weder verpflichtet noch bereit.[\/vc_column_text][\/vc_column][\/vc_row][\/vc_section]<\/p>\n<\/div>","protected":false},"excerpt":{"rendered":"<p>[vc_section][vc_row el_class=&#8220;headline_with_icon&#8220;][vc_column][vc_column_text] Allgemeine Gesch\u00e4ftsbedingungen mit Kundeninformationen [\/vc_column_text][\/vc_column][\/vc_row][vc_row][vc_column][vc_column_text]1. Geltungsbereich 2. Vertragsschluss 3. Preise und Zahlungsbedingungen 4. Liefer- und Versandbedingungen 5. Widerrufsrecht 6. Eigentumsvorbehalt 7. M\u00e4ngelhaftung 8. Einl\u00f6sung von Geschenkgutscheinen 9. Anwendbares Recht 10. Informationen zur Online-Streitbeilegung 1. Geltungsbereich 1.1. Diese Allgemeinen Gesch\u00e4ftsbedingungen (nachfolgend &#8222;AGB&#8220; genannt) von &#8222;Hubertus Prinz von Sachsen-Coburg und Gotha&#8220;, handelnd unter &#8222;Herzogliche Revierverwaltung [&hellip;]<\/p>\n","protected":false},"author":1,"featured_media":0,"parent":0,"menu_order":0,"comment_status":"closed","ping_status":"closed","template":"","meta":{"footnotes":""},"categories":[32],"tags":[],"class_list":["post-13","page","type-page","status-publish","hentry","category-fuer-die-natur"],"yoast_head":"<!-- This site is optimized with the Yoast SEO plugin v27.0 - https:\/\/yoast.com\/product\/yoast-seo-wordpress\/ -->\n<title>AGB - Webshop<\/title>\n<meta name=\"robots\" content=\"index, follow, max-snippet:-1, max-image-preview:large, max-video-preview:-1\" \/>\n<link rel=\"canonical\" href=\"https:\/\/sachsen-coburg-gotha.de\/shop\/agb\/\" \/>\n<meta property=\"og:locale\" content=\"de_DE\" \/>\n<meta property=\"og:type\" content=\"article\" \/>\n<meta property=\"og:title\" content=\"AGB - Webshop\" \/>\n<meta property=\"og:description\" content=\"[vc_section][vc_row el_class=&#8220;headline_with_icon&#8220;][vc_column][vc_column_text] Allgemeine Gesch\u00e4ftsbedingungen mit Kundeninformationen [\/vc_column_text][\/vc_column][\/vc_row][vc_row][vc_column][vc_column_text]1. Geltungsbereich 2. Vertragsschluss 3. Preise und Zahlungsbedingungen 4. Liefer- und Versandbedingungen 5. Widerrufsrecht 6. Eigentumsvorbehalt 7. M\u00e4ngelhaftung 8. Einl\u00f6sung von Geschenkgutscheinen 9. Anwendbares Recht 10. Informationen zur Online-Streitbeilegung 1. Geltungsbereich 1.1. Diese Allgemeinen Gesch\u00e4ftsbedingungen (nachfolgend &#8222;AGB&#8220; genannt) von &#8222;Hubertus Prinz von Sachsen-Coburg und Gotha&#8220;, handelnd unter &#8222;Herzogliche Revierverwaltung [&hellip;]\" \/>\n<meta property=\"og:url\" content=\"https:\/\/sachsen-coburg-gotha.de\/shop\/agb\/\" \/>\n<meta property=\"og:site_name\" content=\"Webshop\" \/>\n<meta property=\"article:modified_time\" content=\"2020-11-25T07:48:43+00:00\" \/>\n<meta name=\"twitter:card\" content=\"summary_large_image\" \/>\n<meta name=\"twitter:label1\" content=\"Gesch\u00e4tzte Lesezeit\" \/>\n\t<meta name=\"twitter:data1\" content=\"6\u00a0Minuten\" \/>\n<script type=\"application\/ld+json\" class=\"yoast-schema-graph\">{\"@context\":\"https:\/\/schema.org\",\"@graph\":[{\"@type\":\"WebPage\",\"@id\":\"https:\/\/sachsen-coburg-gotha.de\/shop\/agb\/\",\"url\":\"https:\/\/sachsen-coburg-gotha.de\/shop\/agb\/\",\"name\":\"AGB - Webshop\",\"isPartOf\":{\"@id\":\"https:\/\/sachsen-coburg-gotha.de\/shop\/#website\"},\"datePublished\":\"2020-11-04T09:35:21+00:00\",\"dateModified\":\"2020-11-25T07:48:43+00:00\",\"breadcrumb\":{\"@id\":\"https:\/\/sachsen-coburg-gotha.de\/shop\/agb\/#breadcrumb\"},\"inLanguage\":\"de\",\"potentialAction\":[{\"@type\":\"ReadAction\",\"target\":[\"https:\/\/sachsen-coburg-gotha.de\/shop\/agb\/\"]}]},{\"@type\":\"BreadcrumbList\",\"@id\":\"https:\/\/sachsen-coburg-gotha.de\/shop\/agb\/#breadcrumb\",\"itemListElement\":[{\"@type\":\"ListItem\",\"position\":1,\"name\":\"Startseite\",\"item\":\"https:\/\/sachsen-coburg-gotha.de\/shop\/\"},{\"@type\":\"ListItem\",\"position\":2,\"name\":\"AGB\"}]},{\"@type\":\"WebSite\",\"@id\":\"https:\/\/sachsen-coburg-gotha.de\/shop\/#website\",\"url\":\"https:\/\/sachsen-coburg-gotha.de\/shop\/\",\"name\":\"Webshop\",\"description\":\"Stiftung der Herzog von Sachsen-Coburg und Gotha\u2019schen Familie\",\"potentialAction\":[{\"@type\":\"SearchAction\",\"target\":{\"@type\":\"EntryPoint\",\"urlTemplate\":\"https:\/\/sachsen-coburg-gotha.de\/shop\/?s={search_term_string}\"},\"query-input\":{\"@type\":\"PropertyValueSpecification\",\"valueRequired\":true,\"valueName\":\"search_term_string\"}}],\"inLanguage\":\"de\"}]}<\/script>\n<!-- \/ Yoast SEO plugin. -->","yoast_head_json":{"title":"AGB - Webshop","robots":{"index":"index","follow":"follow","max-snippet":"max-snippet:-1","max-image-preview":"max-image-preview:large","max-video-preview":"max-video-preview:-1"},"canonical":"https:\/\/sachsen-coburg-gotha.de\/shop\/agb\/","og_locale":"de_DE","og_type":"article","og_title":"AGB - Webshop","og_description":"[vc_section][vc_row el_class=&#8220;headline_with_icon&#8220;][vc_column][vc_column_text] Allgemeine Gesch\u00e4ftsbedingungen mit Kundeninformationen [\/vc_column_text][\/vc_column][\/vc_row][vc_row][vc_column][vc_column_text]1. Geltungsbereich 2. Vertragsschluss 3. Preise und Zahlungsbedingungen 4. Liefer- und Versandbedingungen 5. Widerrufsrecht 6. Eigentumsvorbehalt 7. M\u00e4ngelhaftung 8. Einl\u00f6sung von Geschenkgutscheinen 9. Anwendbares Recht 10. Informationen zur Online-Streitbeilegung 1. Geltungsbereich 1.1. Diese Allgemeinen Gesch\u00e4ftsbedingungen (nachfolgend &#8222;AGB&#8220; genannt) von &#8222;Hubertus Prinz von Sachsen-Coburg und Gotha&#8220;, handelnd unter &#8222;Herzogliche Revierverwaltung [&hellip;]","og_url":"https:\/\/sachsen-coburg-gotha.de\/shop\/agb\/","og_site_name":"Webshop","article_modified_time":"2020-11-25T07:48:43+00:00","twitter_card":"summary_large_image","twitter_misc":{"Gesch\u00e4tzte Lesezeit":"6\u00a0Minuten"},"schema":{"@context":"https:\/\/schema.org","@graph":[{"@type":"WebPage","@id":"https:\/\/sachsen-coburg-gotha.de\/shop\/agb\/","url":"https:\/\/sachsen-coburg-gotha.de\/shop\/agb\/","name":"AGB - Webshop","isPartOf":{"@id":"https:\/\/sachsen-coburg-gotha.de\/shop\/#website"},"datePublished":"2020-11-04T09:35:21+00:00","dateModified":"2020-11-25T07:48:43+00:00","breadcrumb":{"@id":"https:\/\/sachsen-coburg-gotha.de\/shop\/agb\/#breadcrumb"},"inLanguage":"de","potentialAction":[{"@type":"ReadAction","target":["https:\/\/sachsen-coburg-gotha.de\/shop\/agb\/"]}]},{"@type":"BreadcrumbList","@id":"https:\/\/sachsen-coburg-gotha.de\/shop\/agb\/#breadcrumb","itemListElement":[{"@type":"ListItem","position":1,"name":"Startseite","item":"https:\/\/sachsen-coburg-gotha.de\/shop\/"},{"@type":"ListItem","position":2,"name":"AGB"}]},{"@type":"WebSite","@id":"https:\/\/sachsen-coburg-gotha.de\/shop\/#website","url":"https:\/\/sachsen-coburg-gotha.de\/shop\/","name":"Webshop","description":"Stiftung der Herzog von Sachsen-Coburg und Gotha\u2019schen Familie","potentialAction":[{"@type":"SearchAction","target":{"@type":"EntryPoint","urlTemplate":"https:\/\/sachsen-coburg-gotha.de\/shop\/?s={search_term_string}"},"query-input":{"@type":"PropertyValueSpecification","valueRequired":true,"valueName":"search_term_string"}}],"inLanguage":"de"}]}},"_links":{"self":[{"href":"https:\/\/sachsen-coburg-gotha.de\/shop\/wp-json\/wp\/v2\/pages\/13","targetHints":{"allow":["GET"]}}],"collection":[{"href":"https:\/\/sachsen-coburg-gotha.de\/shop\/wp-json\/wp\/v2\/pages"}],"about":[{"href":"https:\/\/sachsen-coburg-gotha.de\/shop\/wp-json\/wp\/v2\/types\/page"}],"author":[{"embeddable":true,"href":"https:\/\/sachsen-coburg-gotha.de\/shop\/wp-json\/wp\/v2\/users\/1"}],"replies":[{"embeddable":true,"href":"https:\/\/sachsen-coburg-gotha.de\/shop\/wp-json\/wp\/v2\/comments?post=13"}],"version-history":[{"count":7,"href":"https:\/\/sachsen-coburg-gotha.de\/shop\/wp-json\/wp\/v2\/pages\/13\/revisions"}],"predecessor-version":[{"id":171,"href":"https:\/\/sachsen-coburg-gotha.de\/shop\/wp-json\/wp\/v2\/pages\/13\/revisions\/171"}],"wp:attachment":[{"href":"https:\/\/sachsen-coburg-gotha.de\/shop\/wp-json\/wp\/v2\/media?parent=13"}],"wp:term":[{"taxonomy":"category","embeddable":true,"href":"https:\/\/sachsen-coburg-gotha.de\/shop\/wp-json\/wp\/v2\/categories?post=13"},{"taxonomy":"post_tag","embeddable":true,"href":"https:\/\/sachsen-coburg-gotha.de\/shop\/wp-json\/wp\/v2\/tags?post=13"}],"curies":[{"name":"wp","href":"https:\/\/api.w.org\/{rel}","templated":true}]}}