{"id":16,"date":"2020-11-04T10:35:21","date_gmt":"2020-11-04T09:35:21","guid":{"rendered":"https:\/\/sachsen-coburg-gotha.de\/shop\/bezahlmoeglichkeiten\/"},"modified":"2020-11-13T15:45:25","modified_gmt":"2020-11-13T14:45:25","slug":"bezahlmoeglichkeiten","status":"publish","type":"page","link":"https:\/\/sachsen-coburg-gotha.de\/shop\/bezahlmoeglichkeiten\/","title":{"rendered":"Zahlungs- und Versandinformationen"},"content":{"rendered":"<div class=\"wpb-content-wrapper\"><p>[vc_section][vc_row el_class=&#8220;headline_with_icon&#8220;][vc_column][vc_column_text]<\/p>\n<h2>Zahlungs- und Versandinformationen<\/h2>\n<p>[\/vc_column_text][\/vc_column][\/vc_row][vc_row][vc_column][vc_column_text]<b>Zahlarten und Versandkosten<\/b><\/p>\n<p><u>1. Zahlungsm\u00f6glichkeiten<\/u><\/p>\n<p>1.1. Sie k\u00f6nnen f\u00fcr Lieferungen innerhalb Deutschlands aus den folgenden\u00a0 Zahlungsm\u00f6glichkeiten ausw\u00e4hlen, wenn sich aus der jeweiligen Artikelbeschreibung nichts anderes ergibt:<\/p>\n<p>&#8211; Kreditkarte (Visa, Mastercard)<br \/>\n&#8211; Paypal<br \/>\n&#8211; Kreditkartenzahlung via Paypal<\/p>\n<p><u>2. Lieferung<\/u><\/p>\n<p>2.1. Der Versand Ihrer Bestellung erfolgt \u00fcber\u00a0Spedition<\/p>\n<p>2.2. Wir versenden nur in der Region Coburg (Stadt und anliegende Gemeinden Weidach, Weitramsdorf, Beiersdorf, Ahorn, D\u00f6rfles-Esbach, R\u00f6dental, Unterlauter) .<br \/>\nEine individuelle Vereinbarung kann \u00fcber die &#x45;&#x6d;&#x61;&#105;&#108;ad&#x72;&#x65;&#x73;&#115;&#101;\u00a0\u00a0&#x73;&#104;&#111;p&#64;&#x73;&#x61;&#x63;&#104;&#115;en&#x2d;&#x63;&#x6f;&#98;&#117;rg&#x2d;&#x67;&#x6f;&#116;&#104;&#97;&#46;&#x64;&#x65; getroffen werden.<br \/>\nNennen Sie uns hierzu bitte den Artikel, die Menge und die Lieferadresse, sowie\u00a0 das Land und die entsprechenden Postleitzahl, damit wir pr\u00fcfen k\u00f6nnen, ob die Lieferung realisiert werden kann. Sofern dies der Fall ist, teilen wir Ihnen vorab die anfallenden Versandkosten mit.<\/p>\n<p><u>3. Versandkosten<\/u><\/p>\n<p>Innerhalb Deutschlands erfolgt die Lieferung versandkostenfrei.[\/vc_column_text][\/vc_column][\/vc_row][\/vc_section]<\/p>\n<\/div>","protected":false},"excerpt":{"rendered":"<p>[vc_section][vc_row el_class=&#8220;headline_with_icon&#8220;][vc_column][vc_column_text] Zahlungs- und Versandinformationen [\/vc_column_text][\/vc_column][\/vc_row][vc_row][vc_column][vc_column_text]Zahlarten und Versandkosten 1. Zahlungsm\u00f6glichkeiten 1.1. Sie k\u00f6nnen f\u00fcr Lieferungen innerhalb Deutschlands aus den folgenden\u00a0 Zahlungsm\u00f6glichkeiten ausw\u00e4hlen, wenn sich aus der jeweiligen Artikelbeschreibung nichts anderes ergibt: &#8211; Kreditkarte (Visa, Mastercard) &#8211; Paypal &#8211; Kreditkartenzahlung via Paypal 2. Lieferung 2.1. Der Versand Ihrer Bestellung erfolgt \u00fcber\u00a0Spedition 2.2. Wir versenden nur in [&hellip;]<\/p>\n","protected":false},"author":1,"featured_media":0,"parent":0,"menu_order":0,"comment_status":"closed","ping_status":"closed","template":"","meta":{"footnotes":""},"categories":[],"tags":[],"class_list":["post-16","page","type-page","status-publish","hentry"],"yoast_head":"<!-- This site is optimized with the Yoast SEO plugin v27.0 - https:\/\/yoast.com\/product\/yoast-seo-wordpress\/ -->\n<title>Zahlungs- und Versandinformationen - Webshop<\/title>\n<meta name=\"robots\" content=\"index, follow, max-snippet:-1, max-image-preview:large, max-video-preview:-1\" \/>\n<link rel=\"canonical\" href=\"https:\/\/sachsen-coburg-gotha.de\/shop\/bezahlmoeglichkeiten\/\" \/>\n<meta property=\"og:locale\" content=\"de_DE\" \/>\n<meta property=\"og:type\" content=\"article\" \/>\n<meta property=\"og:title\" content=\"Zahlungs- und Versandinformationen - Webshop\" \/>\n<meta property=\"og:description\" content=\"[vc_section][vc_row el_class=&#8220;headline_with_icon&#8220;][vc_column][vc_column_text] Zahlungs- und Versandinformationen [\/vc_column_text][\/vc_column][\/vc_row][vc_row][vc_column][vc_column_text]Zahlarten und Versandkosten 1. Zahlungsm\u00f6glichkeiten 1.1. Sie k\u00f6nnen f\u00fcr Lieferungen innerhalb Deutschlands aus den folgenden\u00a0 Zahlungsm\u00f6glichkeiten ausw\u00e4hlen, wenn sich aus der jeweiligen Artikelbeschreibung nichts anderes ergibt: &#8211; Kreditkarte (Visa, Mastercard) &#8211; Paypal &#8211; Kreditkartenzahlung via Paypal 2. Lieferung 2.1. Der Versand Ihrer Bestellung erfolgt \u00fcber\u00a0Spedition 2.2. Wir versenden nur in [&hellip;]\" \/>\n<meta property=\"og:url\" content=\"https:\/\/sachsen-coburg-gotha.de\/shop\/bezahlmoeglichkeiten\/\" \/>\n<meta property=\"og:site_name\" content=\"Webshop\" \/>\n<meta property=\"article:modified_time\" content=\"2020-11-13T14:45:25+00:00\" \/>\n<meta name=\"twitter:card\" content=\"summary_large_image\" \/>\n<meta name=\"twitter:label1\" content=\"Gesch\u00e4tzte Lesezeit\" \/>\n\t<meta name=\"twitter:data1\" content=\"1\u00a0Minute\" \/>\n<script type=\"application\/ld+json\" class=\"yoast-schema-graph\">{\"@context\":\"https:\/\/schema.org\",\"@graph\":[{\"@type\":\"WebPage\",\"@id\":\"https:\/\/sachsen-coburg-gotha.de\/shop\/bezahlmoeglichkeiten\/\",\"url\":\"https:\/\/sachsen-coburg-gotha.de\/shop\/bezahlmoeglichkeiten\/\",\"name\":\"Zahlungs- und Versandinformationen - Webshop\",\"isPartOf\":{\"@id\":\"https:\/\/sachsen-coburg-gotha.de\/shop\/#website\"},\"datePublished\":\"2020-11-04T09:35:21+00:00\",\"dateModified\":\"2020-11-13T14:45:25+00:00\",\"breadcrumb\":{\"@id\":\"https:\/\/sachsen-coburg-gotha.de\/shop\/bezahlmoeglichkeiten\/#breadcrumb\"},\"inLanguage\":\"de\",\"potentialAction\":[{\"@type\":\"ReadAction\",\"target\":[\"https:\/\/sachsen-coburg-gotha.de\/shop\/bezahlmoeglichkeiten\/\"]}]},{\"@type\":\"BreadcrumbList\",\"@id\":\"https:\/\/sachsen-coburg-gotha.de\/shop\/bezahlmoeglichkeiten\/#breadcrumb\",\"itemListElement\":[{\"@type\":\"ListItem\",\"position\":1,\"name\":\"Startseite\",\"item\":\"https:\/\/sachsen-coburg-gotha.de\/shop\/\"},{\"@type\":\"ListItem\",\"position\":2,\"name\":\"Zahlungs- und Versandinformationen\"}]},{\"@type\":\"WebSite\",\"@id\":\"https:\/\/sachsen-coburg-gotha.de\/shop\/#website\",\"url\":\"https:\/\/sachsen-coburg-gotha.de\/shop\/\",\"name\":\"Webshop\",\"description\":\"Stiftung der Herzog von Sachsen-Coburg und Gotha\u2019schen Familie\",\"potentialAction\":[{\"@type\":\"SearchAction\",\"target\":{\"@type\":\"EntryPoint\",\"urlTemplate\":\"https:\/\/sachsen-coburg-gotha.de\/shop\/?s={search_term_string}\"},\"query-input\":{\"@type\":\"PropertyValueSpecification\",\"valueRequired\":true,\"valueName\":\"search_term_string\"}}],\"inLanguage\":\"de\"}]}<\/script>\n<!-- \/ Yoast SEO plugin. -->","yoast_head_json":{"title":"Zahlungs- und Versandinformationen - Webshop","robots":{"index":"index","follow":"follow","max-snippet":"max-snippet:-1","max-image-preview":"max-image-preview:large","max-video-preview":"max-video-preview:-1"},"canonical":"https:\/\/sachsen-coburg-gotha.de\/shop\/bezahlmoeglichkeiten\/","og_locale":"de_DE","og_type":"article","og_title":"Zahlungs- und Versandinformationen - Webshop","og_description":"[vc_section][vc_row el_class=&#8220;headline_with_icon&#8220;][vc_column][vc_column_text] Zahlungs- und Versandinformationen [\/vc_column_text][\/vc_column][\/vc_row][vc_row][vc_column][vc_column_text]Zahlarten und Versandkosten 1. Zahlungsm\u00f6glichkeiten 1.1. Sie k\u00f6nnen f\u00fcr Lieferungen innerhalb Deutschlands aus den folgenden\u00a0 Zahlungsm\u00f6glichkeiten ausw\u00e4hlen, wenn sich aus der jeweiligen Artikelbeschreibung nichts anderes ergibt: &#8211; Kreditkarte (Visa, Mastercard) &#8211; Paypal &#8211; Kreditkartenzahlung via Paypal 2. Lieferung 2.1. Der Versand Ihrer Bestellung erfolgt \u00fcber\u00a0Spedition 2.2. Wir versenden nur in [&hellip;]","og_url":"https:\/\/sachsen-coburg-gotha.de\/shop\/bezahlmoeglichkeiten\/","og_site_name":"Webshop","article_modified_time":"2020-11-13T14:45:25+00:00","twitter_card":"summary_large_image","twitter_misc":{"Gesch\u00e4tzte Lesezeit":"1\u00a0Minute"},"schema":{"@context":"https:\/\/schema.org","@graph":[{"@type":"WebPage","@id":"https:\/\/sachsen-coburg-gotha.de\/shop\/bezahlmoeglichkeiten\/","url":"https:\/\/sachsen-coburg-gotha.de\/shop\/bezahlmoeglichkeiten\/","name":"Zahlungs- und Versandinformationen - Webshop","isPartOf":{"@id":"https:\/\/sachsen-coburg-gotha.de\/shop\/#website"},"datePublished":"2020-11-04T09:35:21+00:00","dateModified":"2020-11-13T14:45:25+00:00","breadcrumb":{"@id":"https:\/\/sachsen-coburg-gotha.de\/shop\/bezahlmoeglichkeiten\/#breadcrumb"},"inLanguage":"de","potentialAction":[{"@type":"ReadAction","target":["https:\/\/sachsen-coburg-gotha.de\/shop\/bezahlmoeglichkeiten\/"]}]},{"@type":"BreadcrumbList","@id":"https:\/\/sachsen-coburg-gotha.de\/shop\/bezahlmoeglichkeiten\/#breadcrumb","itemListElement":[{"@type":"ListItem","position":1,"name":"Startseite","item":"https:\/\/sachsen-coburg-gotha.de\/shop\/"},{"@type":"ListItem","position":2,"name":"Zahlungs- und Versandinformationen"}]},{"@type":"WebSite","@id":"https:\/\/sachsen-coburg-gotha.de\/shop\/#website","url":"https:\/\/sachsen-coburg-gotha.de\/shop\/","name":"Webshop","description":"Stiftung der Herzog von Sachsen-Coburg und Gotha\u2019schen Familie","potentialAction":[{"@type":"SearchAction","target":{"@type":"EntryPoint","urlTemplate":"https:\/\/sachsen-coburg-gotha.de\/shop\/?s={search_term_string}"},"query-input":{"@type":"PropertyValueSpecification","valueRequired":true,"valueName":"search_term_string"}}],"inLanguage":"de"}]}},"_links":{"self":[{"href":"https:\/\/sachsen-coburg-gotha.de\/shop\/wp-json\/wp\/v2\/pages\/16","targetHints":{"allow":["GET"]}}],"collection":[{"href":"https:\/\/sachsen-coburg-gotha.de\/shop\/wp-json\/wp\/v2\/pages"}],"about":[{"href":"https:\/\/sachsen-coburg-gotha.de\/shop\/wp-json\/wp\/v2\/types\/page"}],"author":[{"embeddable":true,"href":"https:\/\/sachsen-coburg-gotha.de\/shop\/wp-json\/wp\/v2\/users\/1"}],"replies":[{"embeddable":true,"href":"https:\/\/sachsen-coburg-gotha.de\/shop\/wp-json\/wp\/v2\/comments?post=16"}],"version-history":[{"count":3,"href":"https:\/\/sachsen-coburg-gotha.de\/shop\/wp-json\/wp\/v2\/pages\/16\/revisions"}],"predecessor-version":[{"id":100,"href":"https:\/\/sachsen-coburg-gotha.de\/shop\/wp-json\/wp\/v2\/pages\/16\/revisions\/100"}],"wp:attachment":[{"href":"https:\/\/sachsen-coburg-gotha.de\/shop\/wp-json\/wp\/v2\/media?parent=16"}],"wp:term":[{"taxonomy":"category","embeddable":true,"href":"https:\/\/sachsen-coburg-gotha.de\/shop\/wp-json\/wp\/v2\/categories?post=16"},{"taxonomy":"post_tag","embeddable":true,"href":"https:\/\/sachsen-coburg-gotha.de\/shop\/wp-json\/wp\/v2\/tags?post=16"}],"curies":[{"name":"wp","href":"https:\/\/api.w.org\/{rel}","templated":true}]}}