{"id":50,"date":"2020-11-06T16:54:00","date_gmt":"2020-11-06T15:54:00","guid":{"rendered":"https:\/\/sachsen-coburg-gotha.de\/shop\/?post_type=product&#038;p=50"},"modified":"2020-12-18T18:00:27","modified_gmt":"2020-12-18T17:00:27","slug":"nordmanntanne","status":"publish","type":"product","link":"https:\/\/sachsen-coburg-gotha.de\/shop\/produkt\/nordmanntanne\/","title":{"rendered":"Nordmanntanne &#8211; nicht mehr verf\u00fcgbar"},"content":{"rendered":"<div class=\"wpb-content-wrapper\"><p>[vc_row][vc_column][vc_column_text]<strong>* Liefergebiet:<\/strong><br \/>\nDie Lieferung erfolgt in folgenden PLZ-Gebieten: 96450 Coburg, 96479 Weidach, 96479 Weitramsdorf, 96487 D\u00f6rfles-Esbach, 96472 R\u00f6dental und 96486 Lautertal.<\/p>\n<p><strong>Liefertermin:<\/strong><br \/>\nDie Weihnachtsb\u00e4ume werden nach Absprache durch unsere eigenen Mitarbeitenden ausgeliefert. Sobald Ihre Bestellung und Ihre Zahlung bei uns eingegangen sind, erhalten Sie den Liefertermin per Email mitgeteilt. Die Lieferung erfolgt in der Regel innerhalb von 3 \u2013 5 Werktagen. Bitte geben Sie im Bestellformular an, wo wir den Baum abstellen k\u00f6nnen, falls wir Sie nicht zu Hause antreffen.<\/p>\n<p><strong>Gr\u00f6\u00dfe der B\u00e4ume:<\/strong><br \/>\nF\u00fcr Weihnachtsb\u00e4ume bis 3 Meter Gr\u00f6\u00dfe nutzen Sie bitte das nachfolgende Bestellformular. Bei Interesse an B\u00e4umen \u00fcber 3 Meter Gr\u00f6\u00dfe bitten wir Sie, telefonisch oder per <a href=\"m&#97;&#105;&#x6c;&#x74;&#x6f;:s&#104;&#111;&#x70;&#x40;&#x73;a&#99;&#104;&#115;&#x65;&#x6e;&#x2d;c&#111;&#98;&#x75;&#x72;&#x67;-g&#111;&#116;&#x68;&#x61;&#x2e;d&#101;\">E-Mail Kontakt<\/a> mit uns aufzunehmen.<\/p>\n<p><strong>Kosten:<\/strong><br \/>\nAlle Preise verstehen sich inklusive der gesetzlichen Mehrwertsteuer und der Lieferkosten bis zum Lieferort. Ebenfalls inklusive ist Ihr Beitrag f\u00fcr einen guten Zweck: Pro verkauftem Weihnachtsbaum spendet die Herzogliche Revierverwaltung Callenberg 1 \u20ac an das Kinder- und Jugendzentrum W\u00fcstenahorn.<\/p>\n<p><strong>Zahlungsm\u00f6glichkeiten:<\/strong><br \/>\nIhre Weihnachtsbaum-Bestellung k\u00f6nnen Sie online per paypal oder Kreditkarte bezahlen.[\/vc_column_text][\/vc_column][\/vc_row]<\/p>\n<\/div>","protected":false},"excerpt":{"rendered":"<p>Dank ihrer dichten, weichen, dunkelgr\u00fcnen Nadeln sind Nordmanntannen als Weihnachtsb\u00e4ume sehr beliebt \u2013 vor allem auch bei Familien: Auch kleinere Kinder k\u00f6nnen beim Schm\u00fccken des Baums helfen, da er nicht \u201epiekst\u201c.<\/p>\n","protected":false},"featured_media":157,"comment_status":"closed","ping_status":"closed","template":"","meta":[],"product_brand":[],"product_cat":[33],"product_tag":[],"class_list":{"0":"post-50","1":"product","2":"type-product","3":"status-publish","4":"has-post-thumbnail","6":"product_cat-baum","7":"product_shipping_class-kostenlose-zustellung","9":"first","10":"outofstock","11":"taxable","12":"shipping-taxable","13":"purchasable","14":"product-type-variable"},"yoast_head":"<!-- This site is optimized with the Yoast SEO plugin v27.0 - https:\/\/yoast.com\/product\/yoast-seo-wordpress\/ -->\n<title>Nordmanntanne - nicht mehr verf\u00fcgbar - Webshop<\/title>\n<meta name=\"robots\" content=\"index, follow, max-snippet:-1, max-image-preview:large, max-video-preview:-1\" \/>\n<link rel=\"canonical\" href=\"https:\/\/sachsen-coburg-gotha.de\/shop\/produkt\/nordmanntanne\/\" \/>\n<meta property=\"og:locale\" content=\"de_DE\" \/>\n<meta property=\"og:type\" content=\"article\" \/>\n<meta property=\"og:title\" content=\"Nordmanntanne - nicht mehr verf\u00fcgbar - Webshop\" \/>\n<meta property=\"og:description\" content=\"Dank ihrer dichten, weichen, dunkelgr\u00fcnen Nadeln sind Nordmanntannen als Weihnachtsb\u00e4ume sehr beliebt \u2013 vor allem auch bei Familien: Auch kleinere Kinder k\u00f6nnen beim Schm\u00fccken des Baums helfen, da er nicht \u201epiekst\u201c.\" \/>\n<meta property=\"og:url\" content=\"https:\/\/sachsen-coburg-gotha.de\/shop\/produkt\/nordmanntanne\/\" \/>\n<meta property=\"og:site_name\" content=\"Webshop\" \/>\n<meta property=\"article:modified_time\" content=\"2020-12-18T17:00:27+00:00\" \/>\n<meta property=\"og:image\" content=\"https:\/\/sachsen-coburg-gotha.de\/shop\/wp-content\/uploads\/sites\/2\/2020\/11\/nordmanntanne-preview.jpg\" \/>\n\t<meta property=\"og:image:width\" content=\"1200\" \/>\n\t<meta property=\"og:image:height\" content=\"1200\" \/>\n\t<meta property=\"og:image:type\" content=\"image\/jpeg\" \/>\n<meta name=\"twitter:card\" content=\"summary_large_image\" \/>\n<meta name=\"twitter:label1\" content=\"Gesch\u00e4tzte Lesezeit\" \/>\n\t<meta name=\"twitter:data1\" content=\"1\u00a0Minute\" \/>\n<script type=\"application\/ld+json\" class=\"yoast-schema-graph\">{\"@context\":\"https:\/\/schema.org\",\"@graph\":[{\"@type\":\"WebPage\",\"@id\":\"https:\/\/sachsen-coburg-gotha.de\/shop\/produkt\/nordmanntanne\/\",\"url\":\"https:\/\/sachsen-coburg-gotha.de\/shop\/produkt\/nordmanntanne\/\",\"name\":\"Nordmanntanne - nicht mehr verf\u00fcgbar - Webshop\",\"isPartOf\":{\"@id\":\"https:\/\/sachsen-coburg-gotha.de\/shop\/#website\"},\"primaryImageOfPage\":{\"@id\":\"https:\/\/sachsen-coburg-gotha.de\/shop\/produkt\/nordmanntanne\/#primaryimage\"},\"image\":{\"@id\":\"https:\/\/sachsen-coburg-gotha.de\/shop\/produkt\/nordmanntanne\/#primaryimage\"},\"thumbnailUrl\":\"https:\/\/sachsen-coburg-gotha.de\/shop\/wp-content\/uploads\/sites\/2\/2020\/11\/nordmanntanne-preview.jpg\",\"datePublished\":\"2020-11-06T15:54:00+00:00\",\"dateModified\":\"2020-12-18T17:00:27+00:00\",\"breadcrumb\":{\"@id\":\"https:\/\/sachsen-coburg-gotha.de\/shop\/produkt\/nordmanntanne\/#breadcrumb\"},\"inLanguage\":\"de\",\"potentialAction\":[{\"@type\":\"ReadAction\",\"target\":[\"https:\/\/sachsen-coburg-gotha.de\/shop\/produkt\/nordmanntanne\/\"]}]},{\"@type\":\"ImageObject\",\"inLanguage\":\"de\",\"@id\":\"https:\/\/sachsen-coburg-gotha.de\/shop\/produkt\/nordmanntanne\/#primaryimage\",\"url\":\"https:\/\/sachsen-coburg-gotha.de\/shop\/wp-content\/uploads\/sites\/2\/2020\/11\/nordmanntanne-preview.jpg\",\"contentUrl\":\"https:\/\/sachsen-coburg-gotha.de\/shop\/wp-content\/uploads\/sites\/2\/2020\/11\/nordmanntanne-preview.jpg\",\"width\":1200,\"height\":1200},{\"@type\":\"BreadcrumbList\",\"@id\":\"https:\/\/sachsen-coburg-gotha.de\/shop\/produkt\/nordmanntanne\/#breadcrumb\",\"itemListElement\":[{\"@type\":\"ListItem\",\"position\":1,\"name\":\"Startseite\",\"item\":\"https:\/\/sachsen-coburg-gotha.de\/shop\/\"},{\"@type\":\"ListItem\",\"position\":2,\"name\":\"Shop\",\"item\":\"https:\/\/sachsen-coburg-gotha.de\/shop\/?page_id=5\"},{\"@type\":\"ListItem\",\"position\":3,\"name\":\"Nordmanntanne &#8211; nicht mehr verf\u00fcgbar\"}]},{\"@type\":\"WebSite\",\"@id\":\"https:\/\/sachsen-coburg-gotha.de\/shop\/#website\",\"url\":\"https:\/\/sachsen-coburg-gotha.de\/shop\/\",\"name\":\"Webshop\",\"description\":\"Stiftung der Herzog von Sachsen-Coburg und Gotha\u2019schen Familie\",\"potentialAction\":[{\"@type\":\"SearchAction\",\"target\":{\"@type\":\"EntryPoint\",\"urlTemplate\":\"https:\/\/sachsen-coburg-gotha.de\/shop\/?s={search_term_string}\"},\"query-input\":{\"@type\":\"PropertyValueSpecification\",\"valueRequired\":true,\"valueName\":\"search_term_string\"}}],\"inLanguage\":\"de\"}]}<\/script>\n<!-- \/ Yoast SEO plugin. -->","yoast_head_json":{"title":"Nordmanntanne - nicht mehr verf\u00fcgbar - Webshop","robots":{"index":"index","follow":"follow","max-snippet":"max-snippet:-1","max-image-preview":"max-image-preview:large","max-video-preview":"max-video-preview:-1"},"canonical":"https:\/\/sachsen-coburg-gotha.de\/shop\/produkt\/nordmanntanne\/","og_locale":"de_DE","og_type":"article","og_title":"Nordmanntanne - nicht mehr verf\u00fcgbar - Webshop","og_description":"Dank ihrer dichten, weichen, dunkelgr\u00fcnen Nadeln sind Nordmanntannen als Weihnachtsb\u00e4ume sehr beliebt \u2013 vor allem auch bei Familien: Auch kleinere Kinder k\u00f6nnen beim Schm\u00fccken des Baums helfen, da er nicht \u201epiekst\u201c.","og_url":"https:\/\/sachsen-coburg-gotha.de\/shop\/produkt\/nordmanntanne\/","og_site_name":"Webshop","article_modified_time":"2020-12-18T17:00:27+00:00","og_image":[{"width":1200,"height":1200,"url":"https:\/\/sachsen-coburg-gotha.de\/shop\/wp-content\/uploads\/sites\/2\/2020\/11\/nordmanntanne-preview.jpg","type":"image\/jpeg"}],"twitter_card":"summary_large_image","twitter_misc":{"Gesch\u00e4tzte Lesezeit":"1\u00a0Minute"},"schema":{"@context":"https:\/\/schema.org","@graph":[{"@type":"WebPage","@id":"https:\/\/sachsen-coburg-gotha.de\/shop\/produkt\/nordmanntanne\/","url":"https:\/\/sachsen-coburg-gotha.de\/shop\/produkt\/nordmanntanne\/","name":"Nordmanntanne - nicht mehr verf\u00fcgbar - Webshop","isPartOf":{"@id":"https:\/\/sachsen-coburg-gotha.de\/shop\/#website"},"primaryImageOfPage":{"@id":"https:\/\/sachsen-coburg-gotha.de\/shop\/produkt\/nordmanntanne\/#primaryimage"},"image":{"@id":"https:\/\/sachsen-coburg-gotha.de\/shop\/produkt\/nordmanntanne\/#primaryimage"},"thumbnailUrl":"https:\/\/sachsen-coburg-gotha.de\/shop\/wp-content\/uploads\/sites\/2\/2020\/11\/nordmanntanne-preview.jpg","datePublished":"2020-11-06T15:54:00+00:00","dateModified":"2020-12-18T17:00:27+00:00","breadcrumb":{"@id":"https:\/\/sachsen-coburg-gotha.de\/shop\/produkt\/nordmanntanne\/#breadcrumb"},"inLanguage":"de","potentialAction":[{"@type":"ReadAction","target":["https:\/\/sachsen-coburg-gotha.de\/shop\/produkt\/nordmanntanne\/"]}]},{"@type":"ImageObject","inLanguage":"de","@id":"https:\/\/sachsen-coburg-gotha.de\/shop\/produkt\/nordmanntanne\/#primaryimage","url":"https:\/\/sachsen-coburg-gotha.de\/shop\/wp-content\/uploads\/sites\/2\/2020\/11\/nordmanntanne-preview.jpg","contentUrl":"https:\/\/sachsen-coburg-gotha.de\/shop\/wp-content\/uploads\/sites\/2\/2020\/11\/nordmanntanne-preview.jpg","width":1200,"height":1200},{"@type":"BreadcrumbList","@id":"https:\/\/sachsen-coburg-gotha.de\/shop\/produkt\/nordmanntanne\/#breadcrumb","itemListElement":[{"@type":"ListItem","position":1,"name":"Startseite","item":"https:\/\/sachsen-coburg-gotha.de\/shop\/"},{"@type":"ListItem","position":2,"name":"Shop","item":"https:\/\/sachsen-coburg-gotha.de\/shop\/?page_id=5"},{"@type":"ListItem","position":3,"name":"Nordmanntanne &#8211; nicht mehr verf\u00fcgbar"}]},{"@type":"WebSite","@id":"https:\/\/sachsen-coburg-gotha.de\/shop\/#website","url":"https:\/\/sachsen-coburg-gotha.de\/shop\/","name":"Webshop","description":"Stiftung der Herzog von Sachsen-Coburg und Gotha\u2019schen Familie","potentialAction":[{"@type":"SearchAction","target":{"@type":"EntryPoint","urlTemplate":"https:\/\/sachsen-coburg-gotha.de\/shop\/?s={search_term_string}"},"query-input":{"@type":"PropertyValueSpecification","valueRequired":true,"valueName":"search_term_string"}}],"inLanguage":"de"}]}},"_links":{"self":[{"href":"https:\/\/sachsen-coburg-gotha.de\/shop\/wp-json\/wp\/v2\/product\/50","targetHints":{"allow":["GET"]}}],"collection":[{"href":"https:\/\/sachsen-coburg-gotha.de\/shop\/wp-json\/wp\/v2\/product"}],"about":[{"href":"https:\/\/sachsen-coburg-gotha.de\/shop\/wp-json\/wp\/v2\/types\/product"}],"replies":[{"embeddable":true,"href":"https:\/\/sachsen-coburg-gotha.de\/shop\/wp-json\/wp\/v2\/comments?post=50"}],"wp:featuredmedia":[{"embeddable":true,"href":"https:\/\/sachsen-coburg-gotha.de\/shop\/wp-json\/wp\/v2\/media\/157"}],"wp:attachment":[{"href":"https:\/\/sachsen-coburg-gotha.de\/shop\/wp-json\/wp\/v2\/media?parent=50"}],"wp:term":[{"taxonomy":"product_brand","embeddable":true,"href":"https:\/\/sachsen-coburg-gotha.de\/shop\/wp-json\/wp\/v2\/product_brand?post=50"},{"taxonomy":"product_cat","embeddable":true,"href":"https:\/\/sachsen-coburg-gotha.de\/shop\/wp-json\/wp\/v2\/product_cat?post=50"},{"taxonomy":"product_tag","embeddable":true,"href":"https:\/\/sachsen-coburg-gotha.de\/shop\/wp-json\/wp\/v2\/product_tag?post=50"}],"curies":[{"name":"wp","href":"https:\/\/api.w.org\/{rel}","templated":true}]}}